{"id":70,"date":"2013-01-17T16:57:13","date_gmt":"2013-01-17T16:57:13","guid":{"rendered":"https:\/\/new1.iknosdiving.com\/?page_id=70"},"modified":"2024-06-25T13:07:30","modified_gmt":"2024-06-25T13:07:30","slug":"contattaci","status":"publish","type":"page","link":"https:\/\/new1.iknosdiving.com\/de\/contattaci\/","title":{"rendered":"Kontakt"},"content":{"rendered":"<div id=\"pl-70\"  class=\"panel-layout\" >\n<div id=\"pg-70-0\"  class=\"panel-grid panel-has-style\"  data-style=\"{&quot;background_image_attachment&quot;:false,&quot;background_display&quot;:&quot;tile&quot;,&quot;background_image_size&quot;:&quot;full&quot;,&quot;background_image_opacity&quot;:&quot;100&quot;,&quot;border_thickness&quot;:&quot;1px&quot;,&quot;full_height&quot;:&quot;&quot;,&quot;row_stretch&quot;:&quot;full-width-stretch&quot;,&quot;cell_alignment&quot;:&quot;flex-start&quot;}\" >\n<div class=\"siteorigin-panels-stretch panel-row-style panel-row-style-for-70-0\" data-stretch-type=\"full-width-stretch\" >\n<div id=\"pgc-70-0-0\"  class=\"panel-grid-cell\"  data-weight=\"1\" >\n<div id=\"panel-70-0-0-0\" class=\"so-panel widget widget_sow-hero panel-first-child panel-last-child\" data-index=\"0\" data-style=\"{&quot;background_image_attachment&quot;:false,&quot;background_display&quot;:&quot;tile&quot;,&quot;background_image_size&quot;:&quot;full&quot;,&quot;background_image_opacity&quot;:&quot;100&quot;,&quot;border_thickness&quot;:&quot;1px&quot;}\" ><div\n\t\t\t\n\t\t\tclass=\"so-widget-sow-hero so-widget-sow-hero-default-6ce6605e1ff7 so-widget-fittext-wrapper\"\n\t\t\t data-fit-text-compressor=\"0.85\"\n\t\t>\t\t\t\t<div class=\"sow-slider-base\" style=\"display: none\" tabindex=\"0\">\n\t\t\t\t\t<ul\n\t\t\t\t\tclass=\"sow-slider-images\"\n\t\t\t\t\tdata-settings=\"{&quot;pagination&quot;:true,&quot;speed&quot;:&quot;800&quot;,&quot;timeout&quot;:&quot;8000&quot;,&quot;paused&quot;:false,&quot;pause_on_hover&quot;:false,&quot;swipe&quot;:&quot;1&quot;,&quot;nav_always_show_desktop&quot;:&quot;&quot;,&quot;nav_always_show_mobile&quot;:&quot;&quot;,&quot;breakpoint&quot;:&quot;780px&quot;,&quot;unmute&quot;:false,&quot;anchor&quot;:null}\"\n\t\t\t\t\tstyle=\"min-height: 550px\"\t\t\t\t\tdata-anchor-id=\"\"\n\t\t\t\t>\t\t<li class=\"sow-slider-image  sow-slider-image-cover\" style=\"visibility: visible;;background-color: #333333\" >\n\t\t\t\t\t<div class=\"sow-slider-image-container\">\n\t\t\t<div class=\"sow-slider-image-wrapper\">\n\t\t\t\t&lt;h1 style=&quot;text-align: center;&quot;&gt;KONTAKTE&lt;\/h1&gt;\t\t\t<\/div>\n\t\t<\/div>\n\t\t<div class=\"sow-slider-image-overlay sow-slider-image-cover\" style=\"opacity: 0.87;background-image: url(https:\/\/new1.iknosdiving.com\/wp-content\/uploads\/2018\/12\/41210020_2246881785593451_7415526499882631168_n.jpg)\"  ><\/div>\t\t<\/li>\n\t\t<\/ul>\t\t\t\t<ol class=\"sow-slider-pagination\">\n\t\t\t\t\t\t\t\t\t\t\t<li><a href=\"#\" data-goto=\"0\" aria-label=\"display slide 1\"><\/a><\/li>\n\t\t\t\t\t\t\t\t\t<\/ol>\n\n\t\t\t\t<div class=\"sow-slide-nav sow-slide-nav-next\">\n\t\t\t\t\t<a href=\"#\" data-goto=\"next\" aria-label=\"next slide\" data-action=\"next\">\n\t\t\t\t\t\t<em class=\"sow-sld-icon-thin-right\"><\/em>\n\t\t\t\t\t<\/a>\n\t\t\t\t<\/div>\n\n\t\t\t\t<div class=\"sow-slide-nav sow-slide-nav-prev\">\n\t\t\t\t\t<a href=\"#\" data-goto=\"previous\" aria-label=\"previous slide\" data-action=\"prev\">\n\t\t\t\t\t\t<em class=\"sow-sld-icon-thin-left\"><\/em>\n\t\t\t\t\t<\/a>\n\t\t\t\t<\/div>\n\t\t\t\t<\/div><\/div><\/div>\n<\/div>\n<\/div>\n<\/div>\n<div id=\"pg-70-1\"  class=\"panel-grid panel-has-style\"  data-style=\"{&quot;background_image_attachment&quot;:false,&quot;background_display&quot;:&quot;tile&quot;,&quot;full_height&quot;:&quot;&quot;,&quot;bottom_margin&quot;:&quot;50px&quot;,&quot;row_stretch&quot;:&quot;full&quot;,&quot;cell_alignment&quot;:&quot;flex-start&quot;}\"  data-label=\"Heading and Phone | Location | Email\" >\n<div class=\"siteorigin-panels-stretch panel-row-style panel-row-style-for-70-1\" data-stretch-type=\"full\" >\n<div id=\"pgc-70-1-0\"  class=\"panel-grid-cell\"  data-weight=\"1\" >\n<div id=\"panel-70-1-0-0\" class=\"so-panel widget widget_sow-features panel-first-child panel-last-child\" data-index=\"1\" data-style=\"{&quot;padding&quot;:&quot;50px 50px 50px 50px&quot;,&quot;background_image_attachment&quot;:false,&quot;background_display&quot;:&quot;tile&quot;,&quot;background_image_size&quot;:&quot;full&quot;,&quot;background_image_opacity&quot;:&quot;100&quot;,&quot;border_thickness&quot;:&quot;1px&quot;}\" >\n<div class=\"panel-widget-style panel-widget-style-for-70-1-0-0\" ><div\n\t\t\t\n\t\t\tclass=\"so-widget-sow-features so-widget-sow-features-default-a60ee3eee13b\"\n\t\t\t\n\t\t>\n<div class=\"sow-features-list sow-features-responsive\">\n\n\t\t\t\t\t\t\t\t\t<div\n\t\t\t\tclass=\"sow-features-feature sow-icon-container-position-top\"\n\t\t\t\tstyle=\"display: flex; flex-direction: column; width: calc(33.333% - 25px);\"\n\t\t\t>\n\t\t\t\n\t\t\t\t\t\t\t\t<div\n\t\t\t\t\tclass=\"sow-icon-container sow-container-none\"\n\t\t\t\t\tstyle=\"color: #404040; \"\n\t\t\t\t\t\t\t\t\t>\n\t\t\t\t\t<span class=\"sow-icon-fontawesome sow-fas\" data-sow-icon=\"&#xf3fa;\"\n\t\tstyle=\"font-size: 56px; color: #2d2d2d\" \n\t\taria-hidden=\"true\"><\/span>\t\t\t\t<\/div>\n\t\t\t\t\n\t\t\t\t<div class=\"textwidget\">\n\t\t\t\t\t\n\t\t\t\t\t\n\t\t\t\t\t\t\t\t\t\t\t&lt;p&gt;&nbsp;&lt;\/p&gt;\n&lt;p&gt;Giacomo\u00a0 +39 349 192 2171&lt;\/p&gt;\n&lt;p&gt;Laura\u00a0 +39 392 947 4246&lt;\/p&gt;\n&lt;p&gt;Ufficio\u00a0 +39 393 967 6159&lt;\/p&gt;\n&lt;p&gt;&nbsp;&lt;\/p&gt;\n\t\t\t\t\t\n\t\t\t\t\t\t\t\t\t<\/div>\n\t\t\t\t\t\t\t\t\n\t\t\t\t\t\t\t<\/div>\n\n\t\t\t\t\t\t\t\t<div\n\t\t\t\tclass=\"sow-features-feature sow-icon-container-position-top\"\n\t\t\t\tstyle=\"display: flex; flex-direction: column; width: calc(33.333% - 25px);\"\n\t\t\t>\n\t\t\t\n\t\t\t\t\t\t\t\t<div\n\t\t\t\t\tclass=\"sow-icon-container sow-container-none\"\n\t\t\t\t\tstyle=\"color: #2d2d2d; \"\n\t\t\t\t\t\t\t\t\t>\n\t\t\t\t\t<span class=\"sow-icon-fontawesome sow-fas\" data-sow-icon=\"&#xf3c5;\"\n\t\tstyle=\"font-size: 56px; color: #424242\" \n\t\taria-hidden=\"true\"><\/span>\t\t\t\t<\/div>\n\t\t\t\t\n\t\t\t\t<div class=\"textwidget\">\n\t\t\t\t\t\n\t\t\t\t\t\n\t\t\t\t\t\t\t\t\t\t\t&lt;p&gt;&nbsp;&lt;\/p&gt;\n&lt;p&gt;&lt;a href=&quot;https:\/\/maps.app.goo.gl\/AEUTiMNKH7y6FpMt5&quot;&gt;c\/o Centro Vacanze Isuledda&lt;\/a&gt;&lt;br \/&gt;\nStr. Provinciale Cannigione-Le Saline&lt;br \/&gt;\n07021 Loc. Laconia&lt;br \/&gt;\nCannigione di Arzachena&lt;\/p&gt;\n\t\t\t\t\t\n\t\t\t\t\t\t\t\t\t<\/div>\n\t\t\t\t\t\t\t\t\n\t\t\t\t\t\t\t<\/div>\n\n\t\t\t\t\t\t\t\t<div\n\t\t\t\tclass=\"sow-features-feature sow-icon-container-position-top\"\n\t\t\t\tstyle=\"display: flex; flex-direction: column; width: calc(33.333% - 25px);\"\n\t\t\t>\n\t\t\t\n\t\t\t\t\t\t\t\t<div\n\t\t\t\t\tclass=\"sow-icon-container sow-container-none\"\n\t\t\t\t\tstyle=\"color: #2d2d2d; \"\n\t\t\t\t\t\t\t\t\t>\n\t\t\t\t\t<span class=\"sow-icon-fontawesome sow-far\" data-sow-icon=\"&#xf0e0;\"\n\t\tstyle=\"font-size: 56px; color: #424242\" \n\t\taria-hidden=\"true\"><\/span>\t\t\t\t<\/div>\n\t\t\t\t\n\t\t\t\t<div class=\"textwidget\">\n\t\t\t\t\t\n\t\t\t\t\t\n\t\t\t\t\t\t\t\t\t\t\t&lt;p&gt;&nbsp;&lt;\/p&gt;\n&lt;p&gt;&lt;a href=&quot;mailto:iknosdiving@gmail.com&quot;&gt;iknosdiving@gmail.com&lt;\/a&gt;&lt;\/p&gt;\n\t\t\t\t\t\n\t\t\t\t\t\t\t\t\t<\/div>\n\t\t\t\t\t\t\t\t\n\t\t\t\t\t\t\t<\/div>\n\n\t\t\t\n<\/div>\n<\/div><\/div>\n<\/div>\n<\/div>\n<\/div>\n<\/div>\n<div id=\"pg-70-2\"  class=\"panel-grid panel-no-style\"  data-style=\"{&quot;background_image_attachment&quot;:false,&quot;background_display&quot;:&quot;tile&quot;,&quot;background_image_size&quot;:&quot;full&quot;,&quot;border_thickness&quot;:&quot;1px&quot;,&quot;full_height&quot;:&quot;&quot;,&quot;cell_alignment&quot;:&quot;flex-start&quot;}\"  data-label=\"Office Location\" >\n<div id=\"pgc-70-2-0\"  class=\"panel-grid-cell\"  data-weight=\"1\" >\n<div id=\"panel-70-2-0-0\" class=\"so-panel widget widget_sow-google-map panel-first-child panel-last-child\" data-index=\"2\" data-style=\"{&quot;background_image_attachment&quot;:false,&quot;background_display&quot;:&quot;tile&quot;}\" ><div\n\t\t\t\n\t\t\tclass=\"so-widget-sow-google-map so-widget-sow-google-map-default-6b23895f316e\"\n\t\t\t\n\t\t>\n<div class=\"sow-google-map-canvas\"\n\tstyle=\"\"\n\tid=\"map-canvas-fe4c3e288574e504ce75d5c345c81c6e\"\n\tdata-options=\"{&quot;address&quot;:&quot;41.131472, 9.443886&quot;,&quot;zoom&quot;:&quot;15&quot;,&quot;mobileZoom&quot;:&quot;15&quot;,&quot;gestureHandling&quot;:&quot;cooperative&quot;,&quot;disableUi&quot;:&quot;&quot;,&quot;markerIcon&quot;:&quot;https:\\\/\\\/new1.iknosdiving.com\\\/wp-content\\\/uploads\\\/2019\\\/04\\\/cropped-IMG_0727-e1655112251769-1-150x150.png&quot;,&quot;markersDraggable&quot;:&quot;&quot;,&quot;markerAtCenter&quot;:true,&quot;markerInfoDisplay&quot;:&quot;always&quot;,&quot;markerInfoMultiple&quot;:&quot;&quot;,&quot;markerPositions&quot;:&quot;&quot;,&quot;mapName&quot;:&quot;&quot;,&quot;mapStyles&quot;:&quot;&quot;,&quot;directions&quot;:&quot;&quot;,&quot;apiKey&quot;:&quot;AIzaSyBzUOoITN4hJeUSbx5qTdAbXlKJudcw2WE&quot;,&quot;breakpoint&quot;:780}\"\n\tdata-fallback-image=\"{&quot;img&quot;:&quot;&quot;}\"><\/div>\n<\/div><\/div>\n<\/div>\n<\/div>\n<div id=\"pg-70-3\"  class=\"panel-grid panel-has-style\"  data-style=\"{&quot;background_image_attachment&quot;:false,&quot;background_display&quot;:&quot;tile&quot;,&quot;background_image_size&quot;:&quot;full&quot;,&quot;border_thickness&quot;:&quot;1px&quot;,&quot;full_height&quot;:&quot;&quot;,&quot;row_stretch&quot;:&quot;full&quot;,&quot;cell_alignment&quot;:&quot;flex-start&quot;}\"  data-label=\"Heading and Phone | Location | Email\" >\n<div class=\"siteorigin-panels-stretch panel-row-style panel-row-style-for-70-3\" data-stretch-type=\"full\" >\n<div id=\"pgc-70-3-0\"  class=\"panel-grid-cell\"  data-weight=\"0.38196600790794\" >\n<div id=\"panel-70-3-0-0\" class=\"so-panel widget widget_sow-hero panel-first-child panel-last-child\" data-index=\"3\" data-style=\"{&quot;background_image_attachment&quot;:false,&quot;background_display&quot;:&quot;tile&quot;,&quot;background_image_size&quot;:&quot;full&quot;,&quot;border_thickness&quot;:&quot;1px&quot;}\" ><div\n\t\t\t\n\t\t\tclass=\"so-widget-sow-hero so-widget-sow-hero-default-dec875e56a68 so-widget-fittext-wrapper\"\n\t\t\t data-fit-text-compressor=\"0.85\"\n\t\t>\t\t\t\t<div class=\"sow-slider-base\" style=\"display: none\" tabindex=\"0\">\n\t\t\t\t\t<ul\n\t\t\t\t\tclass=\"sow-slider-images\"\n\t\t\t\t\tdata-settings=\"{&quot;pagination&quot;:true,&quot;speed&quot;:&quot;800&quot;,&quot;timeout&quot;:&quot;8000&quot;,&quot;paused&quot;:false,&quot;pause_on_hover&quot;:false,&quot;swipe&quot;:&quot;1&quot;,&quot;nav_always_show_desktop&quot;:&quot;&quot;,&quot;nav_always_show_mobile&quot;:&quot;&quot;,&quot;breakpoint&quot;:&quot;780px&quot;,&quot;unmute&quot;:false,&quot;anchor&quot;:null}\"\n\t\t\t\t\tstyle=\"min-height: 250px\"\t\t\t\t\tdata-anchor-id=\"\"\n\t\t\t\t>\t\t<li class=\"sow-slider-image  sow-slider-image-cover\" style=\"visibility: visible;;background-color: #333333;background-image: url(https:\/\/new1.iknosdiving.com\/wp-content\/uploads\/2022\/06\/WhatsApp-Image-2022-05-31-at-15.39.17-3.jpeg)\" >\n\t\t\t\t\t<div class=\"sow-slider-image-container\">\n\t\t\t<div class=\"sow-slider-image-wrapper\">\n\t\t\t\t\t\t\t<\/div>\n\t\t<\/div>\n\t\t\t\t<\/li>\n\t\t<\/ul>\t\t\t\t<ol class=\"sow-slider-pagination\">\n\t\t\t\t\t\t\t\t\t\t\t<li><a href=\"#\" data-goto=\"0\" aria-label=\"display slide 1\"><\/a><\/li>\n\t\t\t\t\t\t\t\t\t<\/ol>\n\n\t\t\t\t<div class=\"sow-slide-nav sow-slide-nav-next\">\n\t\t\t\t\t<a href=\"#\" data-goto=\"next\" aria-label=\"next slide\" data-action=\"next\">\n\t\t\t\t\t\t<em class=\"sow-sld-icon-thin-right\"><\/em>\n\t\t\t\t\t<\/a>\n\t\t\t\t<\/div>\n\n\t\t\t\t<div class=\"sow-slide-nav sow-slide-nav-prev\">\n\t\t\t\t\t<a href=\"#\" data-goto=\"previous\" aria-label=\"previous slide\" data-action=\"prev\">\n\t\t\t\t\t\t<em class=\"sow-sld-icon-thin-left\"><\/em>\n\t\t\t\t\t<\/a>\n\t\t\t\t<\/div>\n\t\t\t\t<\/div><\/div><\/div>\n<\/div>\n<div id=\"pgc-70-3-1\"  class=\"panel-grid-cell\"  data-weight=\"0.61803399209206\" >\n<div id=\"panel-70-3-1-0\" class=\"so-panel widget widget_sow-editor panel-first-child panel-last-child\" data-index=\"4\" data-style=\"{&quot;background_image_attachment&quot;:false,&quot;background_display&quot;:&quot;tile&quot;,&quot;margin&quot;:&quot;0px 0px 100px 0px&quot;}\" >\n<div\n\t\t\t\n\t\t\tclass=\"so-widget-sow-editor so-widget-sow-editor-base\"\n\t\t\t\n\t\t><\/p>\n<div class=\"siteorigin-widget-tinymce textwidget\">\n<h3>M\u00d6CHTEN SIE IHRE LEIDENSCHAFT BEARBEITEN?<\/h3>\n<h4>BEITRETEN SIE DAS IKN\u00d2S TEAM!<\/h4>\n<p>Wir suchen junge Berufstaucher, Guides und Instruktoren, ernst und motiviert, die unsere Leidenschaft f\u00fcr das Meer teilen und in ein ernstes professionelles Umfeld eintauchen m\u00f6chten.<\/p>\n<p>Wenn Sie mehrere Sprachen sprechen und Ihren Beruf unter Wasser aus\u00fcben m\u00f6chten, senden Sie uns Ihre Bewerbung mit einem Lebenslauf und einem Foto an die E-Mail-Adresse<br \/>\n<a href=\"mailto:iknosdiving@gmail.com\">iknosdiving@gmail.com<\/a><\/p>\n<\/div>\n<\/div>\n<\/div>\n<\/div>\n<\/div>\n<\/div>\n<\/div>\n<\/div>","protected":false},"excerpt":{"rendered":"<p>M\u00d6CHTEN SIE IHRE LEIDENSCHAFT BEARBEITEN? BEITRETEN SIE DAS IKN\u00d2S TEAM! Wir suchen junge Berufstaucher, Guides und Instruktoren, ernst und motiviert, die unsere Leidenschaft f\u00fcr das Meer teilen und in ein &#8230;<\/p>\n","protected":false},"author":1,"featured_media":0,"parent":0,"menu_order":0,"comment_status":"closed","ping_status":"closed","template":"","meta":{"footnotes":""},"yoast_head":"<!-- This site is optimized with the Yoast SEO plugin v24.5 - https:\/\/yoast.com\/wordpress\/plugins\/seo\/ -->\n<title>CONTATTI - Iknos Diving - Sardegna<\/title>\n<meta name=\"robots\" content=\"index, follow, max-snippet:-1, max-image-preview:large, max-video-preview:-1\" \/>\n<link rel=\"canonical\" href=\"https:\/\/new1.iknosdiving.com\/contattaci\/\" \/>\n<meta property=\"og:locale\" content=\"de_DE\" \/>\n<meta property=\"og:type\" content=\"article\" \/>\n<meta property=\"og:title\" content=\"[:de]CONTATTI - Iknos Diving - Sardegna [:]\" \/>\n<meta property=\"og:description\" content=\"M\u00d6CHTEN SIE IHRE LEIDENSCHAFT BEARBEITEN? BEITRETEN SIE DAS IKN\u00d2S TEAM! Wir suchen junge Berufstaucher, Guides und Instruktoren, ernst und motiviert, die unsere Leidenschaft f\u00fcr das Meer teilen und in ein ...\" \/>\n<meta property=\"og:url\" content=\"https:\/\/new1.iknosdiving.com\/contattaci\/\" \/>\n<meta property=\"og:site_name\" content=\"Iknos Diving - Sardegna\" \/>\n<meta property=\"article:publisher\" content=\"https:\/\/www.facebook.com\/IknosDiving\" \/>\n<meta property=\"article:modified_time\" content=\"2024-06-25T13:07:30+00:00\" \/>\n<meta name=\"twitter:label1\" content=\"Gesch\u00e4tzte Lesezeit\" \/>\n\t<meta name=\"twitter:data1\" content=\"2\u00a0Minuten\" \/>\n<script type=\"application\/ld+json\" class=\"yoast-schema-graph\">{\"@context\":\"https:\/\/schema.org\",\"@graph\":[{\"@type\":\"WebPage\",\"@id\":\"https:\/\/new1.iknosdiving.com\/contattaci\/\",\"url\":\"https:\/\/new1.iknosdiving.com\/contattaci\/\",\"name\":\"[:de]CONTATTI - Iknos Diving - Sardegna [:]\",\"isPartOf\":{\"@id\":\"https:\/\/new1.iknosdiving.com\/#website\"},\"datePublished\":\"2013-01-17T16:57:13+00:00\",\"dateModified\":\"2024-06-25T13:07:30+00:00\",\"breadcrumb\":{\"@id\":\"https:\/\/new1.iknosdiving.com\/contattaci\/#breadcrumb\"},\"inLanguage\":\"de\",\"potentialAction\":[{\"@type\":\"ReadAction\",\"target\":[\"https:\/\/new1.iknosdiving.com\/contattaci\/\"]}]},{\"@type\":\"BreadcrumbList\",\"@id\":\"https:\/\/new1.iknosdiving.com\/contattaci\/#breadcrumb\",\"itemListElement\":[{\"@type\":\"ListItem\",\"position\":1,\"name\":\"Home\",\"item\":\"https:\/\/new1.iknosdiving.com\/\"},{\"@type\":\"ListItem\",\"position\":2,\"name\":\"Contatti\"}]},{\"@type\":\"WebSite\",\"@id\":\"https:\/\/new1.iknosdiving.com\/#website\",\"url\":\"https:\/\/new1.iknosdiving.com\/\",\"name\":\"Iknos Diving - Sardegna\",\"description\":\"Iknos Diving - Le migliori immersioni in Sardegna\",\"publisher\":{\"@id\":\"https:\/\/new1.iknosdiving.com\/#organization\"},\"potentialAction\":[{\"@type\":\"SearchAction\",\"target\":{\"@type\":\"EntryPoint\",\"urlTemplate\":\"https:\/\/new1.iknosdiving.com\/?s={search_term_string}\"},\"query-input\":{\"@type\":\"PropertyValueSpecification\",\"valueRequired\":true,\"valueName\":\"search_term_string\"}}],\"inLanguage\":\"de\"},{\"@type\":\"Organization\",\"@id\":\"https:\/\/new1.iknosdiving.com\/#organization\",\"name\":\"Iknos Diving - Sardegna\",\"url\":\"https:\/\/new1.iknosdiving.com\/\",\"logo\":{\"@type\":\"ImageObject\",\"inLanguage\":\"de\",\"@id\":\"https:\/\/new1.iknosdiving.com\/#\/schema\/logo\/image\/\",\"url\":\"https:\/\/new1.iknosdiving.com\/wp-content\/uploads\/2019\/04\/cropped-IMG_0727.png\",\"contentUrl\":\"https:\/\/new1.iknosdiving.com\/wp-content\/uploads\/2019\/04\/cropped-IMG_0727.png\",\"width\":2654,\"height\":2202,\"caption\":\"Iknos Diving - Sardegna\"},\"image\":{\"@id\":\"https:\/\/new1.iknosdiving.com\/#\/schema\/logo\/image\/\"},\"sameAs\":[\"https:\/\/www.facebook.com\/IknosDiving\",\"https:\/\/www.instagram.com\/iknosdiving\/\"]}]}<\/script>\n<!-- \/ Yoast SEO plugin. -->","yoast_head_json":{"title":"CONTATTI - Iknos Diving - Sardegna","robots":{"index":"index","follow":"follow","max-snippet":"max-snippet:-1","max-image-preview":"max-image-preview:large","max-video-preview":"max-video-preview:-1"},"canonical":"https:\/\/new1.iknosdiving.com\/contattaci\/","og_locale":"de_DE","og_type":"article","og_title":"[:de]CONTATTI - Iknos Diving - Sardegna [:]","og_description":"M\u00d6CHTEN SIE IHRE LEIDENSCHAFT BEARBEITEN? BEITRETEN SIE DAS IKN\u00d2S TEAM! Wir suchen junge Berufstaucher, Guides und Instruktoren, ernst und motiviert, die unsere Leidenschaft f\u00fcr das Meer teilen und in ein ...","og_url":"https:\/\/new1.iknosdiving.com\/contattaci\/","og_site_name":"Iknos Diving - Sardegna","article_publisher":"https:\/\/www.facebook.com\/IknosDiving","article_modified_time":"2024-06-25T13:07:30+00:00","twitter_misc":{"Gesch\u00e4tzte Lesezeit":"2\u00a0Minuten"},"schema":{"@context":"https:\/\/schema.org","@graph":[{"@type":"WebPage","@id":"https:\/\/new1.iknosdiving.com\/contattaci\/","url":"https:\/\/new1.iknosdiving.com\/contattaci\/","name":"[:de]CONTATTI - Iknos Diving - Sardegna [:]","isPartOf":{"@id":"https:\/\/new1.iknosdiving.com\/#website"},"datePublished":"2013-01-17T16:57:13+00:00","dateModified":"2024-06-25T13:07:30+00:00","breadcrumb":{"@id":"https:\/\/new1.iknosdiving.com\/contattaci\/#breadcrumb"},"inLanguage":"de","potentialAction":[{"@type":"ReadAction","target":["https:\/\/new1.iknosdiving.com\/contattaci\/"]}]},{"@type":"BreadcrumbList","@id":"https:\/\/new1.iknosdiving.com\/contattaci\/#breadcrumb","itemListElement":[{"@type":"ListItem","position":1,"name":"Home","item":"https:\/\/new1.iknosdiving.com\/"},{"@type":"ListItem","position":2,"name":"Contatti"}]},{"@type":"WebSite","@id":"https:\/\/new1.iknosdiving.com\/#website","url":"https:\/\/new1.iknosdiving.com\/","name":"Iknos Diving - Sardegna","description":"Iknos Diving - Le migliori immersioni in Sardegna","publisher":{"@id":"https:\/\/new1.iknosdiving.com\/#organization"},"potentialAction":[{"@type":"SearchAction","target":{"@type":"EntryPoint","urlTemplate":"https:\/\/new1.iknosdiving.com\/?s={search_term_string}"},"query-input":{"@type":"PropertyValueSpecification","valueRequired":true,"valueName":"search_term_string"}}],"inLanguage":"de"},{"@type":"Organization","@id":"https:\/\/new1.iknosdiving.com\/#organization","name":"Iknos Diving - Sardegna","url":"https:\/\/new1.iknosdiving.com\/","logo":{"@type":"ImageObject","inLanguage":"de","@id":"https:\/\/new1.iknosdiving.com\/#\/schema\/logo\/image\/","url":"https:\/\/new1.iknosdiving.com\/wp-content\/uploads\/2019\/04\/cropped-IMG_0727.png","contentUrl":"https:\/\/new1.iknosdiving.com\/wp-content\/uploads\/2019\/04\/cropped-IMG_0727.png","width":2654,"height":2202,"caption":"Iknos Diving - Sardegna"},"image":{"@id":"https:\/\/new1.iknosdiving.com\/#\/schema\/logo\/image\/"},"sameAs":["https:\/\/www.facebook.com\/IknosDiving","https:\/\/www.instagram.com\/iknosdiving\/"]}]}},"_links":{"self":[{"href":"https:\/\/new1.iknosdiving.com\/de\/wp-json\/wp\/v2\/pages\/70"}],"collection":[{"href":"https:\/\/new1.iknosdiving.com\/de\/wp-json\/wp\/v2\/pages"}],"about":[{"href":"https:\/\/new1.iknosdiving.com\/de\/wp-json\/wp\/v2\/types\/page"}],"author":[{"embeddable":true,"href":"https:\/\/new1.iknosdiving.com\/de\/wp-json\/wp\/v2\/users\/1"}],"replies":[{"embeddable":true,"href":"https:\/\/new1.iknosdiving.com\/de\/wp-json\/wp\/v2\/comments?post=70"}],"version-history":[{"count":205,"href":"https:\/\/new1.iknosdiving.com\/de\/wp-json\/wp\/v2\/pages\/70\/revisions"}],"predecessor-version":[{"id":9970,"href":"https:\/\/new1.iknosdiving.com\/de\/wp-json\/wp\/v2\/pages\/70\/revisions\/9970"}],"wp:attachment":[{"href":"https:\/\/new1.iknosdiving.com\/de\/wp-json\/wp\/v2\/media?parent=70"}],"curies":[{"name":"wp","href":"https:\/\/api.w.org\/{rel}","templated":true}]}}