{"id":5389,"date":"2019-01-30T10:13:29","date_gmt":"2019-01-30T10:13:29","guid":{"rendered":"https:\/\/new1.iknosdiving.com\/?page_id=5389"},"modified":"2023-06-26T12:43:18","modified_gmt":"2023-06-26T12:43:18","slug":"settimanewellnessenatura","status":"publish","type":"page","link":"https:\/\/new1.iknosdiving.com\/de\/settimanewellnessenatura\/","title":{"rendered":"MEER UND NATURWOCHEN"},"content":{"rendered":"<div id=\"pl-5389\"  class=\"panel-layout\" >\n<div id=\"pg-5389-0\"  class=\"panel-grid panel-has-style\"  data-style=\"{&quot;background_display&quot;:&quot;tile&quot;,&quot;full_height&quot;:&quot;&quot;,&quot;row_stretch&quot;:&quot;full-stretched&quot;}\" >\n<div class=\"siteorigin-panels-stretch panel-row-style panel-row-style-for-5389-0\" data-stretch-type=\"full-stretched\" >\n<div id=\"pgc-5389-0-0\"  class=\"panel-grid-cell\"  data-weight=\"1\" >\n<div id=\"panel-5389-0-0-0\" class=\"so-panel widget widget_sow-hero panel-first-child\" data-index=\"0\" data-style=\"{&quot;background_image_attachment&quot;:false,&quot;background_display&quot;:&quot;tile&quot;,&quot;background_image_size&quot;:&quot;full&quot;,&quot;border_thickness&quot;:&quot;1px&quot;}\" ><div\n\t\t\t\n\t\t\tclass=\"so-widget-sow-hero so-widget-sow-hero-default-9f4e9e886725 so-widget-fittext-wrapper\"\n\t\t\t data-fit-text-compressor=\"0.85\"\n\t\t>\t\t\t\t<div class=\"sow-slider-base\" style=\"display: none\" tabindex=\"0\">\n\t\t\t\t\t<ul\n\t\t\t\t\tclass=\"sow-slider-images\"\n\t\t\t\t\tdata-settings=\"{&quot;pagination&quot;:true,&quot;speed&quot;:&quot;800&quot;,&quot;timeout&quot;:&quot;8000&quot;,&quot;paused&quot;:false,&quot;pause_on_hover&quot;:false,&quot;swipe&quot;:&quot;1&quot;,&quot;nav_always_show_desktop&quot;:&quot;&quot;,&quot;nav_always_show_mobile&quot;:&quot;&quot;,&quot;breakpoint&quot;:&quot;780px&quot;,&quot;unmute&quot;:false,&quot;anchor&quot;:null}\"\n\t\t\t\t\tstyle=\"min-height: 700px\"\t\t\t\t\tdata-anchor-id=\"\"\n\t\t\t\t>\t\t<li class=\"sow-slider-image  sow-slider-image-cover\" style=\"visibility: visible;;background-color: #333333;background-image: url(https:\/\/new1.iknosdiving.com\/wp-content\/uploads\/2019\/01\/9-righteous-reasons-to-try-beautiful-beach-yoga.jpg)\" >\n\t\t\t\t\t<div class=\"sow-slider-image-container\">\n\t\t\t<div class=\"sow-slider-image-wrapper\">\n\t\t\t\t&lt;h2 style=&quot;text-align: center;&quot;&gt;YOGA &amp; NATURWOCHEN&lt;\/h2&gt;\t\t\t<\/div>\n\t\t<\/div>\n\t\t\t\t<\/li>\n\t\t\t\t<li class=\"sow-slider-image  sow-slider-image-cover\" style=\"visibility: hidden;;background-color: #333333\" data-background=\"url(https:\/\/new1.iknosdiving.com\/wp-content\/uploads\/2019\/01\/37934689_2057860747862629_4300638332162932736_n.jpg)\" >\n\t\t\t\t\t<div class=\"sow-slider-image-container\">\n\t\t\t<div class=\"sow-slider-image-wrapper\">\n\t\t\t\t&lt;h2 style=&quot;text-align: center;&quot;&gt;YOGA &amp; NATURWOCHEN&lt;\/h2&gt;\t\t\t<\/div>\n\t\t<\/div>\n\t\t\t\t<\/li>\n\t\t\t\t<li class=\"sow-slider-image  sow-slider-image-cover\" style=\"visibility: hidden;;background-color: #333333\" data-background=\"url(https:\/\/new1.iknosdiving.com\/wp-content\/uploads\/2022\/07\/WhatsApp-Image-2022-07-18-at-16.56.55-e1658159440432.jpeg)\" >\n\t\t\t\t\t<div class=\"sow-slider-image-container\">\n\t\t\t<div class=\"sow-slider-image-wrapper\">\n\t\t\t\t&lt;h2 style=&quot;text-align: center;&quot;&gt;YOGA &amp; NATURWOCHEN&lt;\/h2&gt;\t\t\t<\/div>\n\t\t<\/div>\n\t\t\t\t<\/li>\n\t\t<\/ul>\t\t\t\t<ol class=\"sow-slider-pagination\">\n\t\t\t\t\t\t\t\t\t\t\t<li><a href=\"#\" data-goto=\"0\" aria-label=\"display slide 1\"><\/a><\/li>\n\t\t\t\t\t\t\t\t\t\t\t<li><a href=\"#\" data-goto=\"1\" aria-label=\"display slide 2\"><\/a><\/li>\n\t\t\t\t\t\t\t\t\t\t\t<li><a href=\"#\" data-goto=\"2\" aria-label=\"display slide 3\"><\/a><\/li>\n\t\t\t\t\t\t\t\t\t<\/ol>\n\n\t\t\t\t<div class=\"sow-slide-nav sow-slide-nav-next\">\n\t\t\t\t\t<a href=\"#\" data-goto=\"next\" aria-label=\"next slide\" data-action=\"next\">\n\t\t\t\t\t\t<em class=\"sow-sld-icon-thin-right\"><\/em>\n\t\t\t\t\t<\/a>\n\t\t\t\t<\/div>\n\n\t\t\t\t<div class=\"sow-slide-nav sow-slide-nav-prev\">\n\t\t\t\t\t<a href=\"#\" data-goto=\"previous\" aria-label=\"previous slide\" data-action=\"prev\">\n\t\t\t\t\t\t<em class=\"sow-sld-icon-thin-left\"><\/em>\n\t\t\t\t\t<\/a>\n\t\t\t\t<\/div>\n\t\t\t\t<\/div><\/div><\/div>\n<div id=\"panel-5389-0-0-1\" class=\"so-panel widget widget_sow-headline panel-last-child\" data-index=\"1\" data-style=\"{&quot;background_image_attachment&quot;:false,&quot;background_display&quot;:&quot;tile&quot;}\" ><div\n\t\t\t\n\t\t\tclass=\"so-widget-sow-headline so-widget-sow-headline-default-e4ac3b7172b7\"\n\t\t\t\n\t\t><div class=\"sow-headline-container \">\n\t\t\t\t\t\t\t<h1 class=\"sow-headline\">\n\t\t\t\t\t\tDie Vereinigung von Yoga, Energie, Natur und Teilen\t\t\t\t\t\t<\/h1>\n\t\t\t\t\t\t\t\t\t\t\t<div class=\"decoration\">\n\t\t\t\t\t\t<div class=\"decoration-inside\"><\/div>\n\t\t\t\t\t<\/div>\n\t\t\t\t\t<\/div>\n<\/div><\/div>\n<\/div>\n<\/div>\n<\/div>\n<div id=\"pg-5389-1\"  class=\"panel-grid panel-no-style\"  data-style=\"{&quot;background_image_attachment&quot;:false,&quot;background_display&quot;:&quot;tile&quot;,&quot;full_height&quot;:&quot;&quot;,&quot;bottom_margin&quot;:&quot;50px&quot;,&quot;cell_alignment&quot;:&quot;flex-start&quot;}\"  data-ratio=\"1\"  data-ratio-direction=\"right\" >\n<div id=\"pgc-5389-1-0\"  class=\"panel-grid-cell\"  data-weight=\"0.5\" >\n<div id=\"panel-5389-1-0-0\" class=\"so-panel widget widget_sow-hero panel-first-child panel-last-child\" data-index=\"2\" data-style=\"{&quot;background_image_attachment&quot;:false,&quot;background_display&quot;:&quot;tile&quot;}\" ><div\n\t\t\t\n\t\t\tclass=\"so-widget-sow-hero so-widget-sow-hero-default-e43c31033370 so-widget-fittext-wrapper\"\n\t\t\t data-fit-text-compressor=\"0.85\"\n\t\t>\t\t\t\t<div class=\"sow-slider-base\" style=\"display: none\" tabindex=\"0\">\n\t\t\t\t\t<ul\n\t\t\t\t\tclass=\"sow-slider-images\"\n\t\t\t\t\tdata-settings=\"{&quot;pagination&quot;:true,&quot;speed&quot;:&quot;800&quot;,&quot;timeout&quot;:&quot;8000&quot;,&quot;paused&quot;:false,&quot;pause_on_hover&quot;:false,&quot;swipe&quot;:&quot;1&quot;,&quot;nav_always_show_desktop&quot;:&quot;&quot;,&quot;nav_always_show_mobile&quot;:&quot;&quot;,&quot;breakpoint&quot;:&quot;780px&quot;,&quot;unmute&quot;:false,&quot;anchor&quot;:null}\"\n\t\t\t\t\tstyle=\"min-height: 350px\"\t\t\t\t\tdata-anchor-id=\"\"\n\t\t\t\t>\t\t<li class=\"sow-slider-image  sow-slider-image-cover\" style=\"visibility: visible;;background-color: #333333;background-image: url(https:\/\/new1.iknosdiving.com\/wp-content\/uploads\/2019\/01\/yogaretreatinsardinia.jpg)\" >\n\t\t\t\t\t<div class=\"sow-slider-image-container\">\n\t\t\t<div class=\"sow-slider-image-wrapper\">\n\t\t\t\t\t\t\t<\/div>\n\t\t<\/div>\n\t\t\t\t<\/li>\n\t\t<\/ul>\t\t\t\t<ol class=\"sow-slider-pagination\">\n\t\t\t\t\t\t\t\t\t\t\t<li><a href=\"#\" data-goto=\"0\" aria-label=\"display slide 1\"><\/a><\/li>\n\t\t\t\t\t\t\t\t\t<\/ol>\n\n\t\t\t\t<div class=\"sow-slide-nav sow-slide-nav-next\">\n\t\t\t\t\t<a href=\"#\" data-goto=\"next\" aria-label=\"next slide\" data-action=\"next\">\n\t\t\t\t\t\t<em class=\"sow-sld-icon-thin-right\"><\/em>\n\t\t\t\t\t<\/a>\n\t\t\t\t<\/div>\n\n\t\t\t\t<div class=\"sow-slide-nav sow-slide-nav-prev\">\n\t\t\t\t\t<a href=\"#\" data-goto=\"previous\" aria-label=\"previous slide\" data-action=\"prev\">\n\t\t\t\t\t\t<em class=\"sow-sld-icon-thin-left\"><\/em>\n\t\t\t\t\t<\/a>\n\t\t\t\t<\/div>\n\t\t\t\t<\/div><\/div><\/div>\n<\/div>\n<div id=\"pgc-5389-1-1\"  class=\"panel-grid-cell\"  data-weight=\"0.5\" >\n<div id=\"panel-5389-1-1-0\" class=\"so-panel widget widget_sow-editor panel-first-child panel-last-child\" data-index=\"3\" data-style=\"{&quot;background_image_attachment&quot;:false,&quot;background_display&quot;:&quot;tile&quot;}\" >\n<div\n\t\t\t\n\t\t\tclass=\"so-widget-sow-editor so-widget-sow-editor-base\"\n\t\t\t\n\t\t><\/p>\n<h3 class=\"widget-title\">UNTERKUNFT<\/h3>\n<div class=\"siteorigin-widget-tinymce textwidget\">\n\t<br \/>\nJe nach Verf\u00fcgbarkeit \u00fcbernachten die Teilnehmer im Camere del Borgo oder Mobilheim des Camping Village Isuledda, wobei Halbpension oder Vollpension im Restaurant des Hotels zur Verf\u00fcgung steht. Der Campingplatz verf\u00fcgt au\u00dferdem \u00fcber eine Bar, ein SPA, einen kleinen Hafen mit Tauch- und Segelzentrum, einen Geldautomaten und einen Markt.<\/p>\n<p><strong>INFORMATION<\/strong><br \/>\nDie Wochen k\u00f6nnen mit uns abgestimmt werden, je nach den Bed\u00fcrfnissen der Gruppe. Teilnahme von Gruppen von min. 20 Menschen.<br \/>\nDie Frist kann mit nur \u00dcbernachtung, Halbpension und Vollpension zitiert werden.<\/p>\n<p><strong>WANN?<\/strong><\/p>\n<p>Der Vorschlag ist an den Zeitraum vom<strong> 10. April<\/strong> bis<strong> 15. Juni<\/strong> und vom <strong>10. September<\/strong> bis <strong>30. Oktober<\/strong> gerichtet.<\/p>\n<p><em><a href=\"https:\/\/new1.iknosdiving.com\/contattaci\/\"><span class=\"s1\">Finde mehr heraus<\/span><\/a><\/em><\/p>\n<\/div>\n<\/div>\n<\/div>\n<\/div>\n<\/div>\n<\/div>\n<div id=\"pg-5389-2\"  class=\"panel-grid panel-no-style\"  data-style=\"{&quot;background_image_attachment&quot;:false,&quot;background_display&quot;:&quot;tile&quot;,&quot;full_height&quot;:&quot;&quot;,&quot;cell_alignment&quot;:&quot;flex-start&quot;}\" >\n<div id=\"pgc-5389-2-0\"  class=\"panel-grid-cell\"  data-weight=\"1\" >\n<div id=\"panel-5389-2-0-0\" class=\"so-panel widget widget_sow-headline panel-first-child\" data-index=\"4\" data-style=\"{&quot;background_image_attachment&quot;:false,&quot;background_display&quot;:&quot;tile&quot;}\" ><div\n\t\t\t\n\t\t\tclass=\"so-widget-sow-headline so-widget-sow-headline-default-e4ac3b7172b7\"\n\t\t\t\n\t\t><div class=\"sow-headline-container \">\n\t\t\t\t\t\t\t<h1 class=\"sow-headline\">\n\t\t\t\t\t\t\t\t\t\t\t\t\t<a href=\"https:\/\/new1.iknosdiving.com\/wp-content\/uploads\/2022\/06\/BROCHURE-YOGA-IN-SARDEGNA-1-1.pdf\" >\n\t\t\t\t\t\t\t\tEntdecken Sie unser Angebot<\/a>\t\t\t\t\t\t<\/h1>\n\t\t\t\t\t\t\t\t\t\t\t<div class=\"decoration\">\n\t\t\t\t\t\t<div class=\"decoration-inside\"><\/div>\n\t\t\t\t\t<\/div>\n\t\t\t\t\t<\/div>\n<\/div><\/div>\n<div id=\"panel-5389-2-0-1\" class=\"so-panel widget widget_sow-image panel-last-child\" data-index=\"5\" data-style=\"{&quot;background_image_attachment&quot;:false,&quot;background_display&quot;:&quot;tile&quot;}\" ><div\n\t\t\t\n\t\t\tclass=\"so-widget-sow-image so-widget-sow-image-default-8b5b6f678277\"\n\t\t\t\n\t\t>\n\n<div class=\"sow-image-container\">\n\t\t\t<a href=\"https:\/\/new1.iknosdiving.com\/wp-content\/uploads\/2022\/06\/BROCHURE-YOGA-IN-SARDEGNA-1-1.pdf\"\n\t\t\t\t\t>\n\t\t\t<img loading=\"lazy\" decoding=\"async\" src=\"https:\/\/new1.iknosdiving.com\/wp-content\/uploads\/2022\/06\/BROCHURE-YOGA-IN-SARDEGNA-1-1-pdf.jpg\" width=\"2560\" height=\"1440\" sizes=\"(max-width: 2560px) 100vw, 2560px\" title=\"BROCHURE YOGA IN SARDEGNA (1)\" alt=\"\" \t\tclass=\"so-widget-image\"\/>\n\t<\/a><\/div>\n\n<\/div><\/div>\n<\/div>\n<\/div>\n<\/div>","protected":false},"excerpt":{"rendered":"<p>UNTERKUNFT Je nach Verf\u00fcgbarkeit \u00fcbernachten die Teilnehmer im Camere del Borgo oder Mobilheim des Camping Village Isuledda, wobei Halbpension oder Vollpension im Restaurant des Hotels zur Verf\u00fcgung steht. Der Campingplatz &#8230;<\/p>\n","protected":false},"author":3,"featured_media":0,"parent":0,"menu_order":0,"comment_status":"closed","ping_status":"closed","template":"","meta":{"footnotes":""},"yoast_head":"<!-- This site is optimized with the Yoast SEO plugin v24.5 - https:\/\/yoast.com\/wordpress\/plugins\/seo\/ -->\n<title>MEER UND NATURWOCHEN - Iknos Diving - Sardegna<\/title>\n<meta name=\"robots\" content=\"index, follow, max-snippet:-1, max-image-preview:large, max-video-preview:-1\" \/>\n<link rel=\"canonical\" href=\"https:\/\/new1.iknosdiving.com\/settimanewellnessenatura\/\" \/>\n<meta property=\"og:locale\" content=\"de_DE\" \/>\n<meta property=\"og:type\" content=\"article\" \/>\n<meta property=\"og:title\" content=\"MEER UND NATURWOCHEN - Iknos Diving - Sardegna\" \/>\n<meta property=\"og:description\" content=\"UNTERKUNFT Je nach Verf\u00fcgbarkeit \u00fcbernachten die Teilnehmer im Camere del Borgo oder Mobilheim des Camping Village Isuledda, wobei Halbpension oder Vollpension im Restaurant des Hotels zur Verf\u00fcgung steht. Der Campingplatz ...\" \/>\n<meta property=\"og:url\" content=\"https:\/\/new1.iknosdiving.com\/settimanewellnessenatura\/\" \/>\n<meta property=\"og:site_name\" content=\"Iknos Diving - Sardegna\" \/>\n<meta property=\"article:publisher\" content=\"https:\/\/www.facebook.com\/IknosDiving\" \/>\n<meta property=\"article:modified_time\" content=\"2023-06-26T12:43:18+00:00\" \/>\n<meta name=\"twitter:label1\" content=\"Gesch\u00e4tzte Lesezeit\" \/>\n\t<meta name=\"twitter:data1\" content=\"2\u00a0Minuten\" \/>\n<script type=\"application\/ld+json\" class=\"yoast-schema-graph\">{\"@context\":\"https:\/\/schema.org\",\"@graph\":[{\"@type\":\"WebPage\",\"@id\":\"https:\/\/new1.iknosdiving.com\/settimanewellnessenatura\/\",\"url\":\"https:\/\/new1.iknosdiving.com\/settimanewellnessenatura\/\",\"name\":\"MEER UND NATURWOCHEN - Iknos Diving - Sardegna\",\"isPartOf\":{\"@id\":\"https:\/\/new1.iknosdiving.com\/#website\"},\"datePublished\":\"2019-01-30T10:13:29+00:00\",\"dateModified\":\"2023-06-26T12:43:18+00:00\",\"breadcrumb\":{\"@id\":\"https:\/\/new1.iknosdiving.com\/settimanewellnessenatura\/#breadcrumb\"},\"inLanguage\":\"de\",\"potentialAction\":[{\"@type\":\"ReadAction\",\"target\":[\"https:\/\/new1.iknosdiving.com\/settimanewellnessenatura\/\"]}]},{\"@type\":\"BreadcrumbList\",\"@id\":\"https:\/\/new1.iknosdiving.com\/settimanewellnessenatura\/#breadcrumb\",\"itemListElement\":[{\"@type\":\"ListItem\",\"position\":1,\"name\":\"Home\",\"item\":\"https:\/\/new1.iknosdiving.com\/\"},{\"@type\":\"ListItem\",\"position\":2,\"name\":\"SEA &#038; NATURE WEEKS\"}]},{\"@type\":\"WebSite\",\"@id\":\"https:\/\/new1.iknosdiving.com\/#website\",\"url\":\"https:\/\/new1.iknosdiving.com\/\",\"name\":\"Iknos Diving - Sardegna\",\"description\":\"Iknos Diving - Le migliori immersioni in Sardegna\",\"publisher\":{\"@id\":\"https:\/\/new1.iknosdiving.com\/#organization\"},\"potentialAction\":[{\"@type\":\"SearchAction\",\"target\":{\"@type\":\"EntryPoint\",\"urlTemplate\":\"https:\/\/new1.iknosdiving.com\/?s={search_term_string}\"},\"query-input\":{\"@type\":\"PropertyValueSpecification\",\"valueRequired\":true,\"valueName\":\"search_term_string\"}}],\"inLanguage\":\"de\"},{\"@type\":\"Organization\",\"@id\":\"https:\/\/new1.iknosdiving.com\/#organization\",\"name\":\"Iknos Diving - Sardegna\",\"url\":\"https:\/\/new1.iknosdiving.com\/\",\"logo\":{\"@type\":\"ImageObject\",\"inLanguage\":\"de\",\"@id\":\"https:\/\/new1.iknosdiving.com\/#\/schema\/logo\/image\/\",\"url\":\"https:\/\/new1.iknosdiving.com\/wp-content\/uploads\/2019\/04\/cropped-IMG_0727.png\",\"contentUrl\":\"https:\/\/new1.iknosdiving.com\/wp-content\/uploads\/2019\/04\/cropped-IMG_0727.png\",\"width\":2654,\"height\":2202,\"caption\":\"Iknos Diving - Sardegna\"},\"image\":{\"@id\":\"https:\/\/new1.iknosdiving.com\/#\/schema\/logo\/image\/\"},\"sameAs\":[\"https:\/\/www.facebook.com\/IknosDiving\",\"https:\/\/www.instagram.com\/iknosdiving\/\"]}]}<\/script>\n<!-- \/ Yoast SEO plugin. -->","yoast_head_json":{"title":"MEER UND NATURWOCHEN - Iknos Diving - Sardegna","robots":{"index":"index","follow":"follow","max-snippet":"max-snippet:-1","max-image-preview":"max-image-preview:large","max-video-preview":"max-video-preview:-1"},"canonical":"https:\/\/new1.iknosdiving.com\/settimanewellnessenatura\/","og_locale":"de_DE","og_type":"article","og_title":"MEER UND NATURWOCHEN - Iknos Diving - Sardegna","og_description":"UNTERKUNFT Je nach Verf\u00fcgbarkeit \u00fcbernachten die Teilnehmer im Camere del Borgo oder Mobilheim des Camping Village Isuledda, wobei Halbpension oder Vollpension im Restaurant des Hotels zur Verf\u00fcgung steht. Der Campingplatz ...","og_url":"https:\/\/new1.iknosdiving.com\/settimanewellnessenatura\/","og_site_name":"Iknos Diving - Sardegna","article_publisher":"https:\/\/www.facebook.com\/IknosDiving","article_modified_time":"2023-06-26T12:43:18+00:00","twitter_misc":{"Gesch\u00e4tzte Lesezeit":"2\u00a0Minuten"},"schema":{"@context":"https:\/\/schema.org","@graph":[{"@type":"WebPage","@id":"https:\/\/new1.iknosdiving.com\/settimanewellnessenatura\/","url":"https:\/\/new1.iknosdiving.com\/settimanewellnessenatura\/","name":"MEER UND NATURWOCHEN - Iknos Diving - Sardegna","isPartOf":{"@id":"https:\/\/new1.iknosdiving.com\/#website"},"datePublished":"2019-01-30T10:13:29+00:00","dateModified":"2023-06-26T12:43:18+00:00","breadcrumb":{"@id":"https:\/\/new1.iknosdiving.com\/settimanewellnessenatura\/#breadcrumb"},"inLanguage":"de","potentialAction":[{"@type":"ReadAction","target":["https:\/\/new1.iknosdiving.com\/settimanewellnessenatura\/"]}]},{"@type":"BreadcrumbList","@id":"https:\/\/new1.iknosdiving.com\/settimanewellnessenatura\/#breadcrumb","itemListElement":[{"@type":"ListItem","position":1,"name":"Home","item":"https:\/\/new1.iknosdiving.com\/"},{"@type":"ListItem","position":2,"name":"SEA &#038; NATURE WEEKS"}]},{"@type":"WebSite","@id":"https:\/\/new1.iknosdiving.com\/#website","url":"https:\/\/new1.iknosdiving.com\/","name":"Iknos Diving - Sardegna","description":"Iknos Diving - Le migliori immersioni in Sardegna","publisher":{"@id":"https:\/\/new1.iknosdiving.com\/#organization"},"potentialAction":[{"@type":"SearchAction","target":{"@type":"EntryPoint","urlTemplate":"https:\/\/new1.iknosdiving.com\/?s={search_term_string}"},"query-input":{"@type":"PropertyValueSpecification","valueRequired":true,"valueName":"search_term_string"}}],"inLanguage":"de"},{"@type":"Organization","@id":"https:\/\/new1.iknosdiving.com\/#organization","name":"Iknos Diving - Sardegna","url":"https:\/\/new1.iknosdiving.com\/","logo":{"@type":"ImageObject","inLanguage":"de","@id":"https:\/\/new1.iknosdiving.com\/#\/schema\/logo\/image\/","url":"https:\/\/new1.iknosdiving.com\/wp-content\/uploads\/2019\/04\/cropped-IMG_0727.png","contentUrl":"https:\/\/new1.iknosdiving.com\/wp-content\/uploads\/2019\/04\/cropped-IMG_0727.png","width":2654,"height":2202,"caption":"Iknos Diving - Sardegna"},"image":{"@id":"https:\/\/new1.iknosdiving.com\/#\/schema\/logo\/image\/"},"sameAs":["https:\/\/www.facebook.com\/IknosDiving","https:\/\/www.instagram.com\/iknosdiving\/"]}]}},"_links":{"self":[{"href":"https:\/\/new1.iknosdiving.com\/de\/wp-json\/wp\/v2\/pages\/5389"}],"collection":[{"href":"https:\/\/new1.iknosdiving.com\/de\/wp-json\/wp\/v2\/pages"}],"about":[{"href":"https:\/\/new1.iknosdiving.com\/de\/wp-json\/wp\/v2\/types\/page"}],"author":[{"embeddable":true,"href":"https:\/\/new1.iknosdiving.com\/de\/wp-json\/wp\/v2\/users\/3"}],"replies":[{"embeddable":true,"href":"https:\/\/new1.iknosdiving.com\/de\/wp-json\/wp\/v2\/comments?post=5389"}],"version-history":[{"count":128,"href":"https:\/\/new1.iknosdiving.com\/de\/wp-json\/wp\/v2\/pages\/5389\/revisions"}],"predecessor-version":[{"id":9821,"href":"https:\/\/new1.iknosdiving.com\/de\/wp-json\/wp\/v2\/pages\/5389\/revisions\/9821"}],"wp:attachment":[{"href":"https:\/\/new1.iknosdiving.com\/de\/wp-json\/wp\/v2\/media?parent=5389"}],"curies":[{"name":"wp","href":"https:\/\/api.w.org\/{rel}","templated":true}]}}